{"id":39,"date":"2023-09-19T07:12:13","date_gmt":"2023-09-19T07:12:13","guid":{"rendered":"https:\/\/dev.hermandaddelosgitanos.com\/?page_id=39"},"modified":"2023-09-19T07:12:13","modified_gmt":"2023-09-19T07:12:13","slug":"programa","status":"publish","type":"page","link":"https:\/\/dev.hermandaddelosgitanos.com\/?page_id=39","title":{"rendered":"Programa"},"content":{"rendered":"\n<div class=\"wp-block-cover has-nv-dark-bg-color has-text-color\"><span aria-hidden=\"true\" class=\"wp-block-cover__background has-nv-site-bg-background-color has-background-dim-100 has-background-dim\"><\/span><div class=\"wp-block-cover__inner-container is-layout-constrained wp-block-cover-is-layout-constrained\">\n<div style=\"height:100px\" aria-hidden=\"true\" class=\"wp-block-spacer\"><\/div>\n\n\n\n<div class=\"wp-block-group is-vertical is-layout-flex wp-container-core-group-is-layout-8cf370e7 wp-block-group-is-layout-flex\">\n<h4 class=\"wp-block-heading\">Viernes 27 de Octubre<\/h4>\n\n\n\n<p><strong>10:00<\/strong> y hasta las <strong>16:00<\/strong> Recibimiento de congresistas y entrega de documentaci\u00f3n<\/p>\n\n\n\n<p><strong>16:30<\/strong> Saludo a los congresistas del <strong>Hermano Mayor<\/strong> de la Hermandad de Los Gitanos de Sevilla, <strong>D. Jos\u00e9 Mar\u00eda Flores Vargas<\/strong>. Sal\u00f3n de actos, planta \u00e1tico.<\/p>\n\n\n\n<p><strong>17:00<\/strong> <strong>Caf\u00e9<\/strong> de acercamiento.<\/p>\n\n\n\n<p><strong>17:30<\/strong> <strong>Visita guiada<\/strong> al Santuario de Nuestro Padre Jes\u00fas de la Salud y Mar\u00eda Sant\u00edsima de las Angustias (para congresistas y acompa\u00f1antes) en grupos de 50, salida de grupos 17:30;17:40; 17:50 y 18:00 h.<\/p>\n\n\n\n<p><strong>18:30<\/strong> <strong>Mesa redonda<\/strong>. Or\u00edgenes de las Hermandades de Los Gitanos. Participan: <\/p>\n\n\n\n<p><strong>D. Enrique Guevara P\u00e9rez<\/strong>. Licenciado en Administraci\u00f3n y Direcci\u00f3n de Empresas por la Universidad Complutense de Madrid, autor de numerosas publicaciones sobre la Semana Santa, fundador de la revista Semana Santa de Madrid y colaborador habitual del Bolet\u00edn de las Cofrad\u00edas de Sevilla.<br><strong>D. Julio Mayo Rodr\u00edguez<\/strong>, Historiador, autor de numerosos estudios y art\u00edculos sobre Religiosidad Popular. Es colaborador asiduo del diario ABC de Sevilla y<br>de la revista Pasi\u00f3n en Sevilla.<br>Moderador, <strong>D. Jos\u00e9 Manuel Garc\u00eda Ib\u00e1\u00f1ez<\/strong>, Fiscal primero de la Junta de Gobierno de la Hermandad de Los Gitanos de Sevilla. Director de las publicaciones impresas de la Hermandad, bolet\u00edn y anuario, en la actualidad y en varias etapas anteriores.<\/p>\n\n\n\n<p><strong>20:30 Eucarist\u00eda de apertura del Congreso Nacional. Misa Flamenca<\/strong> en la Santa Metropolitana y Patriarcal Iglesia Catedral de Sevilla<\/p>\n<\/div>\n\n\n\n<div style=\"height:100px\" aria-hidden=\"true\" class=\"wp-block-spacer\"><\/div>\n<\/div><\/div>\n\n\n\n<div class=\"wp-block-cover has-nv-dark-bg-color has-text-color\"><span aria-hidden=\"true\" class=\"wp-block-cover__background has-nv-light-bg-background-color has-background-dim-100 has-background-dim\"><\/span><div class=\"wp-block-cover__inner-container is-layout-constrained wp-block-cover-is-layout-constrained\">\n<div style=\"height:100px\" aria-hidden=\"true\" class=\"wp-block-spacer\"><\/div>\n\n\n\n<div class=\"wp-block-group is-vertical is-layout-flex wp-container-core-group-is-layout-8cf370e7 wp-block-group-is-layout-flex\">\n<h4 class=\"wp-block-heading\">S\u00e1bado 28 de octubre<\/h4>\n\n\n\n<p><strong>9:00<\/strong> <strong>Visita guiada<\/strong> al Palacio de las Due\u00f1as<\/p>\n\n\n\n<p><strong>10:00<\/strong> <strong>Encuentro <\/strong>de los Hermanos Mayores de las Hermandades participantes en el Congreso. Sala capitular.<\/p>\n\n\n\n<p><strong>11:00 Caf\u00e9.<\/strong><\/p>\n\n\n\n<p><strong>11:30 Mesa Redonda.<\/strong> La Fe Cristiana en la comunidad gitana (Cat\u00f3licos y Evang\u00e9licos). Coordina: Reverendo Padre <strong>D. Pl\u00e1cido Manuel D\u00edaz V\u00e1zquez,<\/strong> Delegado Diocesano de la Pastoral Gitana del Arzobispado de Sevilla. Contaremos con la participaci\u00f3n de un representante de la Iglesia Evang\u00e9lica de Sevilla y la Delegaci\u00f3n de Ecumenismo del Arzobispado de Sevilla.<\/p>\n\n\n\n<p><strong>13:00 Conferencia<\/strong> La iconograf\u00eda religiosa en las Hermandades de Los Gitanos por <strong>D. Jos\u00e9 Fern\u00e1ndez L\u00f3pez<\/strong>, Catedr\u00e1tico de Historia del Arte y Decano de la Facultad de Geograf\u00eda e Historia de la Universidad de Sevilla. Autor de numerosas publicaciones relacionadas con su especialidad. Cofrade destacado de Sevilla, ex Hermano Mayor de la Hermandad de San Gonzalo de Sevilla en el periodo 2012 \u2013 2020.<\/p>\n\n\n\n<p><strong>17:00 Salida de autobuses.<\/strong> Puerta de los Jardines del Valle, Avd. Mar\u00eda Auxiliadora.<\/p>\n\n\n\n<p><strong>17:30 Concierto<\/strong> de la Agrupaci\u00f3n Musical Nuestro Padre Jes\u00fas de la Salud, Secci\u00f3n Musical de la Hermandad de Los Gitanos de Sevilla. <strong>Proyecci\u00f3n<\/strong> de la pel\u00edcula de <strong>D. Carlos Varela<\/strong> con gui\u00f3n de <strong>D. Enrique Casellas Rodr\u00edguez<\/strong> sobre la Hermandad de Los Gitanos de Sevilla. <strong>Espacio esc\u00e9nico de la Factor\u00eda Cultural del Pol\u00edgono Sur<\/strong>, calle Luis Ortiz Mu\u00f1oz s\/n esquina con calle Arquitecto Jos\u00e9 Galnares, 41013, Sevilla.<\/p>\n\n\n\n<p><strong>21:00 Cena de Gala<\/strong>. Restaurante La Raza Puerto. Muelle de las Delicias, s\/n. M\u00f3dulo Norte, 41012 Sevilla<\/p>\n<\/div>\n\n\n\n<div style=\"height:100px\" aria-hidden=\"true\" class=\"wp-block-spacer\"><\/div>\n<\/div><\/div>\n\n\n\n<div class=\"wp-block-cover has-nv-dark-bg-color has-text-color\"><span aria-hidden=\"true\" class=\"wp-block-cover__background has-nv-site-bg-background-color has-background-dim-100 has-background-dim\"><\/span><div class=\"wp-block-cover__inner-container is-layout-constrained wp-block-cover-is-layout-constrained\">\n<div style=\"height:100px\" aria-hidden=\"true\" class=\"wp-block-spacer\"><\/div>\n\n\n\n<div class=\"wp-block-group is-vertical is-layout-flex wp-container-core-group-is-layout-8cf370e7 wp-block-group-is-layout-flex\">\n<h4 class=\"wp-block-heading\">Domingo 29 de Octubre<\/h4>\n\n\n\n<p><strong>10:00 h. Caf\u00e9.<\/strong><\/p>\n\n\n\n<p><strong>10:30 h. Mesa Redonda<\/strong> Las Hermandades de Los Gitanos como espacio de integraci\u00f3n social. Participan: <strong>D\u00f1a. Beatriz Carrillo de los Reyes<\/strong>, Diplomada en Trabajo Social, se licenci\u00f3 en Antropolog\u00eda. Dirige, desde 2003, la Federaci\u00f3n de Mujeres Gitanas de Andaluc\u00eda (Fakali), y es miembro del Consejo Estatal del Pueblo Gitano. <strong>D\u00f1a. \u00c1ngela Molina<\/strong>, Directora del C.E.I.P. Andaluc\u00eda, ejemplo de integraci\u00f3n y trabajo por un futuro en igualdad. <strong>Don Manuel Luis G\u00f3ngora Garc\u00eda<\/strong>, diacono permanente, Delegado Diocesano de la Pastoral Social del Arzobispado de Sevilla.<\/p>\n\n\n\n<p><strong>13:00 h. Solemne Misa de clausura del Congreso<\/strong> y celebraci\u00f3n del <strong>XXXV Aniversario de la Coronaci\u00f3n Can\u00f3nica de Mar\u00eda Sant\u00edsima de Las Angustias,<\/strong> presidida por el <strong>Excmo. y Rvdmo. Sr. Arzobispo de Sevilla, D. Jos\u00e9 \u00c1ngel Sainz Meneses.<\/strong><\/p>\n\n\n\n<p><strong>15:00 h. Convivencia<\/strong> en la planta \u00e1tico de la Casa de Hermandad de Los Gitanos de Sevilla.<\/p>\n<\/div>\n\n\n\n<div style=\"height:100px\" aria-hidden=\"true\" class=\"wp-block-spacer\"><\/div>\n<\/div><\/div>\n","protected":false},"excerpt":{"rendered":"","protected":false},"author":1,"featured_media":0,"parent":0,"menu_order":0,"comment_status":"closed","ping_status":"closed","template":"","meta":{"neve_meta_sidebar":"","neve_meta_container":"","neve_meta_enable_content_width":"on","neve_meta_content_width":100,"neve_meta_title_alignment":"","neve_meta_author_avatar":"","neve_post_elements_order":"","neve_meta_disable_header":"","neve_meta_disable_footer":"","neve_meta_disable_title":"on","footnotes":""},"class_list":["post-39","page","type-page","status-publish","hentry"],"_links":{"self":[{"href":"https:\/\/dev.hermandaddelosgitanos.com\/index.php?rest_route=\/wp\/v2\/pages\/39","targetHints":{"allow":["GET"]}}],"collection":[{"href":"https:\/\/dev.hermandaddelosgitanos.com\/index.php?rest_route=\/wp\/v2\/pages"}],"about":[{"href":"https:\/\/dev.hermandaddelosgitanos.com\/index.php?rest_route=\/wp\/v2\/types\/page"}],"author":[{"embeddable":true,"href":"https:\/\/dev.hermandaddelosgitanos.com\/index.php?rest_route=\/wp\/v2\/users\/1"}],"replies":[{"embeddable":true,"href":"https:\/\/dev.hermandaddelosgitanos.com\/index.php?rest_route=%2Fwp%2Fv2%2Fcomments&post=39"}],"version-history":[{"count":1,"href":"https:\/\/dev.hermandaddelosgitanos.com\/index.php?rest_route=\/wp\/v2\/pages\/39\/revisions"}],"predecessor-version":[{"id":88,"href":"https:\/\/dev.hermandaddelosgitanos.com\/index.php?rest_route=\/wp\/v2\/pages\/39\/revisions\/88"}],"wp:attachment":[{"href":"https:\/\/dev.hermandaddelosgitanos.com\/index.php?rest_route=%2Fwp%2Fv2%2Fmedia&parent=39"}],"curies":[{"name":"wp","href":"https:\/\/api.w.org\/{rel}","templated":true}]}}