{"id":15,"date":"2023-09-19T07:12:13","date_gmt":"2023-09-19T07:12:13","guid":{"rendered":"https:\/\/dev.hermandaddelosgitanos.com\/?page_id=15"},"modified":"2023-09-19T09:34:07","modified_gmt":"2023-09-19T09:34:07","slug":"inicio","status":"publish","type":"page","link":"https:\/\/dev.hermandaddelosgitanos.com\/","title":{"rendered":"Inicio"},"content":{"rendered":"\n<div class=\"wp-block-cover alignfull is-light has-nv-site-bg-color has-text-color\" style=\"min-height:700px;aspect-ratio:unset;\"><span aria-hidden=\"true\" class=\"wp-block-cover__background has-background-dim-0 has-background-dim\"><\/span><img loading=\"lazy\" decoding=\"async\" width=\"795\" height=\"523\" class=\"wp-block-cover__image-background wp-image-115\" alt=\"\" src=\"https:\/\/dev.hermandaddelosgitanos.com\/wp-content\/uploads\/2023\/09\/fondo.png\" data-object-fit=\"cover\" srcset=\"https:\/\/dev.hermandaddelosgitanos.com\/wp-content\/uploads\/2023\/09\/fondo.png 795w, https:\/\/dev.hermandaddelosgitanos.com\/wp-content\/uploads\/2023\/09\/fondo-300x197.png 300w, https:\/\/dev.hermandaddelosgitanos.com\/wp-content\/uploads\/2023\/09\/fondo-768x505.png 768w\" sizes=\"auto, (max-width: 795px) 100vw, 795px\" \/><div class=\"wp-block-cover__inner-container is-layout-flow wp-block-cover-is-layout-flow\">\n<div style=\"height:80px\" aria-hidden=\"true\" class=\"wp-block-spacer\"><\/div>\n\n\n\n<h1 class=\"wp-block-heading has-text-align-center has-nv-site-bg-color has-text-color\">I CONGRESO NACIONAL DE <\/h1>\n\n\n\n<h1 class=\"wp-block-heading has-text-align-center has-nv-site-bg-color has-text-color\">HERMANDADES DE LOS GITANOS<\/h1>\n\n\n\n<h4 class=\"wp-block-heading has-text-align-center\"><strong>SEVILLA, 27, 28 Y 29 DE OCTUBRE DE 2023<\/strong><\/h4>\n\n\n\n\n\n\n\n<div class=\"wp-block-buttons is-content-justification-center is-layout-flex wp-container-core-buttons-is-layout-16018d1d wp-block-buttons-is-layout-flex\">\n<div class=\"wp-block-button is-style-primary\"><a class=\"wp-block-button__link wp-element-button\" href=\"https:\/\/dev.hermandaddelosgitanos.com\/?page_id=33\">INSCR\u00cdBETE<\/a><\/div>\n<\/div>\n\n\n\n<div style=\"height:80px\" aria-hidden=\"true\" class=\"wp-block-spacer\"><\/div>\n\n\n\n<div style=\"height:80px\" aria-hidden=\"true\" class=\"wp-block-spacer\"><\/div>\n\n\n\n<p><\/p>\n<\/div><\/div>\n\n\n\n<div class=\"wp-block-cover alignfull\" style=\"min-height:600px;aspect-ratio:unset;\"><span aria-hidden=\"true\" class=\"wp-block-cover__background has-nv-site-bg-background-color has-background-dim-100 has-background-dim\"><\/span><div class=\"wp-block-cover__inner-container is-layout-flow wp-block-cover-is-layout-flow\">\n<div class=\"wp-block-group\"><div class=\"wp-block-group__inner-container is-layout-flow wp-block-group-is-layout-flow\">\n<div style=\"height:80px\" aria-hidden=\"true\" class=\"wp-block-spacer\"><\/div>\n\n\n\n<div class=\"wp-block-columns are-vertically-aligned-center is-layout-flex wp-container-core-columns-is-layout-9d6595d7 wp-block-columns-is-layout-flex\">\n<div class=\"wp-block-column is-vertically-aligned-center is-layout-flow wp-block-column-is-layout-flow\" style=\"flex-basis:50%\">\n<figure class=\"wp-block-image size-large\"><img loading=\"lazy\" decoding=\"async\" width=\"1048\" height=\"1048\" src=\"https:\/\/dev.hermandaddelosgitanos.com\/wp-content\/uploads\/2023\/09\/hm2-edited.jpg\" alt=\"\" class=\"wp-image-108\" srcset=\"https:\/\/dev.hermandaddelosgitanos.com\/wp-content\/uploads\/2023\/09\/hm2-edited.jpg 1048w, https:\/\/dev.hermandaddelosgitanos.com\/wp-content\/uploads\/2023\/09\/hm2-edited-300x300.jpg 300w, https:\/\/dev.hermandaddelosgitanos.com\/wp-content\/uploads\/2023\/09\/hm2-edited-1024x1024.jpg 1024w, https:\/\/dev.hermandaddelosgitanos.com\/wp-content\/uploads\/2023\/09\/hm2-edited-150x150.jpg 150w, https:\/\/dev.hermandaddelosgitanos.com\/wp-content\/uploads\/2023\/09\/hm2-edited-768x768.jpg 768w\" sizes=\"auto, (max-width: 1048px) 100vw, 1048px\" \/><\/figure>\n<\/div>\n\n\n\n<div class=\"wp-block-column is-vertically-aligned-center is-layout-flow wp-block-column-is-layout-flow\" style=\"flex-basis:50%\">\n<div style=\"height:20px\" aria-hidden=\"true\" class=\"wp-block-spacer\"><\/div>\n\n\n\n<h2 class=\"wp-block-heading has-text-align-left has-neve-text-color-color has-text-color\">Saludo Hermano Mayor Hermandad de Los Gitanos (Sevilla)<\/h2>\n\n\n\n<p class=\"has-text-align-left has-neve-text-color-color has-text-color\" style=\"font-size:17px\">Jos\u00e9 Mar\u00eda Flores Vargas<\/p>\n\n\n\n<div class=\"wp-block-buttons is-content-justification-left is-layout-flex wp-container-core-buttons-is-layout-fdcfc74e wp-block-buttons-is-layout-flex\">\n<div class=\"wp-block-button is-style-primary\"><a class=\"wp-block-button__link wp-element-button\" href=\"#\">LEER AQU\u00cd<\/a><\/div>\n<\/div>\n<\/div>\n<\/div>\n\n\n\n<div style=\"height:40px\" aria-hidden=\"true\" class=\"wp-block-spacer\"><\/div>\n<\/div><\/div>\n<\/div><\/div>\n\n\n\n<div class=\"wp-block-cover alignfull\" style=\"min-height:600px;aspect-ratio:unset;\"><span aria-hidden=\"true\" class=\"wp-block-cover__background has-nv-light-bg-background-color has-background-dim-100 has-background-dim\"><\/span><div class=\"wp-block-cover__inner-container is-layout-flow wp-block-cover-is-layout-flow\">\n<div class=\"wp-block-group\"><div class=\"wp-block-group__inner-container is-layout-flow wp-block-group-is-layout-flow\">\n<div style=\"height:80px\" aria-hidden=\"true\" class=\"wp-block-spacer\"><\/div>\n\n\n\n<div class=\"wp-block-columns are-vertically-aligned-center is-layout-flex wp-container-core-columns-is-layout-9d6595d7 wp-block-columns-is-layout-flex\">\n<div class=\"wp-block-column is-vertically-aligned-center is-layout-flow wp-block-column-is-layout-flow\" style=\"flex-basis:50%\">\n<h2 class=\"wp-block-heading has-text-align-left has-neve-text-color-color has-text-color\">Saludo Delegado Diocesano de Pastoral Gitana de la Archidi\u00f3cesis (Sevilla)<\/h2>\n\n\n\n<p class=\"has-text-align-left has-neve-text-color-color has-text-color\" style=\"font-size:17px\">Reverendo Padre Pl\u00e1cido Manuel D\u00edaz V\u00e1zquez<\/p>\n\n\n\n<div class=\"wp-block-buttons is-content-justification-left is-layout-flex wp-container-core-buttons-is-layout-fdcfc74e wp-block-buttons-is-layout-flex\">\n<div class=\"wp-block-button is-style-primary\"><a class=\"wp-block-button__link has-text-align-center wp-element-button\" href=\"#\">LEER AQU\u00cd<\/a><\/div>\n<\/div>\n\n\n\n<div style=\"height:40px\" aria-hidden=\"true\" class=\"wp-block-spacer\"><\/div>\n<\/div>\n\n\n\n<div class=\"wp-block-column is-vertically-aligned-center is-layout-flow wp-block-column-is-layout-flow\" style=\"flex-basis:50%\">\n<figure class=\"wp-block-image size-large\"><img loading=\"lazy\" decoding=\"async\" width=\"1024\" height=\"684\" src=\"https:\/\/dev.hermandaddelosgitanos.com\/wp-content\/uploads\/2023\/09\/Padre-Placido-2-1024x684.jpg\" alt=\"\" class=\"wp-image-54\" srcset=\"https:\/\/dev.hermandaddelosgitanos.com\/wp-content\/uploads\/2023\/09\/Padre-Placido-2-1024x684.jpg 1024w, https:\/\/dev.hermandaddelosgitanos.com\/wp-content\/uploads\/2023\/09\/Padre-Placido-2-300x200.jpg 300w, https:\/\/dev.hermandaddelosgitanos.com\/wp-content\/uploads\/2023\/09\/Padre-Placido-2-768x513.jpg 768w, https:\/\/dev.hermandaddelosgitanos.com\/wp-content\/uploads\/2023\/09\/Padre-Placido-2-1536x1025.jpg 1536w, https:\/\/dev.hermandaddelosgitanos.com\/wp-content\/uploads\/2023\/09\/Padre-Placido-2-930x620.jpg 930w, https:\/\/dev.hermandaddelosgitanos.com\/wp-content\/uploads\/2023\/09\/Padre-Placido-2.jpg 1772w\" sizes=\"auto, (max-width: 1024px) 100vw, 1024px\" \/><\/figure>\n<\/div>\n<\/div>\n\n\n\n<div style=\"height:40px\" aria-hidden=\"true\" class=\"wp-block-spacer\"><\/div>\n<\/div><\/div>\n<\/div><\/div>\n\n\n\n<div class=\"wp-block-cover alignfull is-light\" style=\"min-height:420px;aspect-ratio:unset;\"><span aria-hidden=\"true\" class=\"wp-block-cover__background has-background-dim-100 has-background-dim has-background-gradient has-very-light-gray-to-cyan-bluish-gray-gradient-background\"><\/span><div class=\"wp-block-cover__inner-container is-layout-flow wp-block-cover-is-layout-flow\">\n<div style=\"height:80px\" aria-hidden=\"true\" class=\"wp-block-spacer\"><\/div>\n\n\n\n<h2 class=\"wp-block-heading\">PONENTES<\/h2>\n\n\n\n<div class=\"wp-block-columns is-layout-flex wp-container-core-columns-is-layout-9d6595d7 wp-block-columns-is-layout-flex\">\n<div class=\"wp-block-column is-layout-flow wp-block-column-is-layout-flow\">\n<figure class=\"wp-block-image size-full is-resized is-style-rounded\"><img loading=\"lazy\" decoding=\"async\" src=\"https:\/\/dev.hermandaddelosgitanos.com\/wp-content\/uploads\/2023\/09\/enrique-guevara-perez-edited.jpg\" alt=\"\" class=\"wp-image-131\" style=\"width:80px;height:80px\" width=\"80\" height=\"80\" srcset=\"https:\/\/dev.hermandaddelosgitanos.com\/wp-content\/uploads\/2023\/09\/enrique-guevara-perez-edited.jpg 266w, https:\/\/dev.hermandaddelosgitanos.com\/wp-content\/uploads\/2023\/09\/enrique-guevara-perez-edited-150x150.jpg 150w\" sizes=\"auto, (max-width: 80px) 100vw, 80px\" \/><\/figure>\n\n\n\n<div style=\"height:24px\" aria-hidden=\"true\" class=\"wp-block-spacer\"><\/div>\n\n\n\n<p class=\"has-text-align-left has-neve-text-color-color has-text-color has-normal-font-size\">Mesa redonda. \u201cOr\u00edgenes de las Hermandades de Los Gitanos\u201d<\/p>\n\n\n\n<p class=\"has-neve-text-color-color has-text-color\">ENRIQUE GUEVARA P\u00c9REZ<\/p>\n\n\n\n<p><\/p>\n\n\n\n<div style=\"height:20px\" aria-hidden=\"true\" class=\"wp-block-spacer\"><\/div>\n<\/div>\n\n\n\n<div class=\"wp-block-column is-layout-flow wp-block-column-is-layout-flow\">\n<figure class=\"wp-block-image size-full is-resized is-style-rounded\"><img loading=\"lazy\" decoding=\"async\" src=\"https:\/\/dev.hermandaddelosgitanos.com\/wp-content\/uploads\/2023\/09\/Julio-Mayo-junto-murallas-Sevilla_1351675573_99355973_667x375-edited.jpg\" alt=\"\" class=\"wp-image-137\" style=\"width:80px;height:80px\" width=\"80\" height=\"80\" srcset=\"https:\/\/dev.hermandaddelosgitanos.com\/wp-content\/uploads\/2023\/09\/Julio-Mayo-junto-murallas-Sevilla_1351675573_99355973_667x375-edited.jpg 375w, https:\/\/dev.hermandaddelosgitanos.com\/wp-content\/uploads\/2023\/09\/Julio-Mayo-junto-murallas-Sevilla_1351675573_99355973_667x375-edited-300x300.jpg 300w, https:\/\/dev.hermandaddelosgitanos.com\/wp-content\/uploads\/2023\/09\/Julio-Mayo-junto-murallas-Sevilla_1351675573_99355973_667x375-edited-150x150.jpg 150w\" sizes=\"auto, (max-width: 80px) 100vw, 80px\" \/><\/figure>\n\n\n\n<div style=\"height:24px\" aria-hidden=\"true\" class=\"wp-block-spacer\"><\/div>\n\n\n\n<p class=\"has-text-align-left has-neve-text-color-color has-text-color has-normal-font-size\">Mesa redonda. \u201cOr\u00edgenes de las Hermandades de Los Gitanos\u201d<\/p>\n\n\n\n<p class=\"has-neve-text-color-color has-text-color\">JULIO MAYO RODR\u00cdGUEZ<\/p>\n\n\n\n<p>Historiador<\/p>\n\n\n\n<div style=\"height:20px\" aria-hidden=\"true\" class=\"wp-block-spacer\"><\/div>\n<\/div>\n\n\n\n<div class=\"wp-block-column is-layout-flow wp-block-column-is-layout-flow\">\n<figure class=\"wp-block-image size-large is-resized is-style-rounded\"><img loading=\"lazy\" decoding=\"async\" src=\"https:\/\/dev.hermandaddelosgitanos.com\/wp-content\/uploads\/2023\/09\/placido-1024x1024.jpg\" alt=\"\" class=\"wp-image-141\" style=\"width:80px;height:80px\" width=\"80\" height=\"80\" srcset=\"https:\/\/dev.hermandaddelosgitanos.com\/wp-content\/uploads\/2023\/09\/placido-1024x1024.jpg 1024w, https:\/\/dev.hermandaddelosgitanos.com\/wp-content\/uploads\/2023\/09\/placido-300x300.jpg 300w, https:\/\/dev.hermandaddelosgitanos.com\/wp-content\/uploads\/2023\/09\/placido-150x150.jpg 150w, https:\/\/dev.hermandaddelosgitanos.com\/wp-content\/uploads\/2023\/09\/placido-768x768.jpg 768w, https:\/\/dev.hermandaddelosgitanos.com\/wp-content\/uploads\/2023\/09\/placido.jpg 1072w\" sizes=\"auto, (max-width: 80px) 100vw, 80px\" \/><\/figure>\n\n\n\n<div style=\"height:24px\" aria-hidden=\"true\" class=\"wp-block-spacer\"><\/div>\n\n\n\n<p class=\"has-text-align-left has-neve-text-color-color has-text-color has-normal-font-size\">Mesa redonda. \u201cLa Fe Cristiana en la comunidad gitana (Cat\u00f3licos y Evang\u00e9licos)\u201d<\/p>\n\n\n\n<p class=\"has-neve-text-color-color has-text-color\">PL\u00c1CIDO MANUEL D\u00cdAZ V\u00c1ZQUEZ<\/p>\n\n\n\n<p>Delegado Diocesano de la Pastoral Gitana del Arzobispado de Sevilla<\/p>\n\n\n\n<div style=\"height:20px\" aria-hidden=\"true\" class=\"wp-block-spacer\"><\/div>\n<\/div>\n<\/div>\n\n\n\n<div class=\"wp-block-columns is-layout-flex wp-container-core-columns-is-layout-9d6595d7 wp-block-columns-is-layout-flex\">\n<div class=\"wp-block-column is-layout-flow wp-block-column-is-layout-flow\">\n<figure class=\"wp-block-image size-full is-resized is-style-rounded\"><img loading=\"lazy\" decoding=\"async\" src=\"https:\/\/dev.hermandaddelosgitanos.com\/wp-content\/uploads\/2023\/09\/Beatriz-Carrillo-de-los-Reyes-edited.webp\" alt=\"\" class=\"wp-image-148\" style=\"width:80px;height:80px\" width=\"80\" height=\"80\" srcset=\"https:\/\/dev.hermandaddelosgitanos.com\/wp-content\/uploads\/2023\/09\/Beatriz-Carrillo-de-los-Reyes-edited.webp 287w, https:\/\/dev.hermandaddelosgitanos.com\/wp-content\/uploads\/2023\/09\/Beatriz-Carrillo-de-los-Reyes-edited-150x150.webp 150w\" sizes=\"auto, (max-width: 80px) 100vw, 80px\" \/><\/figure>\n\n\n\n<div style=\"height:24px\" aria-hidden=\"true\" class=\"wp-block-spacer\"><\/div>\n\n\n\n<p class=\"has-text-align-left has-neve-text-color-color has-text-color has-normal-font-size\">Mesa redonda. \u201cLas Hermandades de Los Gitanos como espacio de integraci\u00f3n social\u201d<\/p>\n\n\n\n<p class=\"has-neve-text-color-color has-text-color\">BEATRIZ CARRILLO DE LOS REYES<\/p>\n\n\n\n<p>Presidenta de FAKALI<\/p>\n\n\n\n<div style=\"height:20px\" aria-hidden=\"true\" class=\"wp-block-spacer\"><\/div>\n<\/div>\n\n\n\n<div class=\"wp-block-column is-layout-flow wp-block-column-is-layout-flow\"><\/div>\n\n\n\n<div class=\"wp-block-column is-layout-flow wp-block-column-is-layout-flow\"><\/div>\n<\/div>\n\n\n\n<div style=\"height:30px\" aria-hidden=\"true\" class=\"wp-block-spacer\"><\/div>\n<\/div><\/div>\n\n\n\n<div class=\"wp-block-cover alignfull\"><span aria-hidden=\"true\" class=\"wp-block-cover__background has-nv-site-bg-background-color has-background-dim-100 has-background-dim\"><\/span><div class=\"wp-block-cover__inner-container is-layout-constrained wp-block-cover-is-layout-constrained\">\n<div class=\"wp-block-group\"><div class=\"wp-block-group__inner-container is-layout-constrained wp-block-group-is-layout-constrained\">\n<div style=\"height:100px\" aria-hidden=\"true\" class=\"wp-block-spacer\"><\/div>\n\n\n\n<h2 class=\"wp-block-heading has-text-align-center has-neve-text-color-color has-text-color has-large-font-size\">Colaboran:<\/h2>\n\n\n\n<div class=\"wp-block-columns is-layout-flex wp-container-core-columns-is-layout-9d6595d7 wp-block-columns-is-layout-flex\">\n<div class=\"wp-block-column is-layout-flow wp-block-column-is-layout-flow\"><div class=\"wp-block-image\">\n<figure class=\"aligncenter size-large is-resized\"><img loading=\"lazy\" decoding=\"async\" src=\"https:\/\/dev.hermandaddelosgitanos.com\/wp-content\/uploads\/2023\/09\/2560px-Logotipo_de_la_Junta_de_Andalucia_2020.svg_-1024x578.png\" alt=\"\" class=\"wp-image-67\" style=\"width:252px;height:142px\" width=\"252\" height=\"142\" srcset=\"https:\/\/dev.hermandaddelosgitanos.com\/wp-content\/uploads\/2023\/09\/2560px-Logotipo_de_la_Junta_de_Andalucia_2020.svg_-1024x578.png 1024w, https:\/\/dev.hermandaddelosgitanos.com\/wp-content\/uploads\/2023\/09\/2560px-Logotipo_de_la_Junta_de_Andalucia_2020.svg_-300x169.png 300w, https:\/\/dev.hermandaddelosgitanos.com\/wp-content\/uploads\/2023\/09\/2560px-Logotipo_de_la_Junta_de_Andalucia_2020.svg_-768x434.png 768w, https:\/\/dev.hermandaddelosgitanos.com\/wp-content\/uploads\/2023\/09\/2560px-Logotipo_de_la_Junta_de_Andalucia_2020.svg_-1536x868.png 1536w, https:\/\/dev.hermandaddelosgitanos.com\/wp-content\/uploads\/2023\/09\/2560px-Logotipo_de_la_Junta_de_Andalucia_2020.svg_-2048x1157.png 2048w\" sizes=\"auto, (max-width: 252px) 100vw, 252px\" \/><\/figure>\n<\/div><\/div>\n\n\n\n<div class=\"wp-block-column is-layout-flow wp-block-column-is-layout-flow\"><div class=\"wp-block-image\">\n<figure class=\"aligncenter size-large is-resized\"><img loading=\"lazy\" decoding=\"async\" src=\"https:\/\/dev.hermandaddelosgitanos.com\/wp-content\/uploads\/2023\/09\/Logo_Ayto_Sevilla-edited.png\" alt=\"\" class=\"wp-image-151\" style=\"width:134px;height:134px\" width=\"134\" height=\"134\" srcset=\"https:\/\/dev.hermandaddelosgitanos.com\/wp-content\/uploads\/2023\/09\/Logo_Ayto_Sevilla-edited.png 493w, https:\/\/dev.hermandaddelosgitanos.com\/wp-content\/uploads\/2023\/09\/Logo_Ayto_Sevilla-edited-300x300.png 300w, https:\/\/dev.hermandaddelosgitanos.com\/wp-content\/uploads\/2023\/09\/Logo_Ayto_Sevilla-edited-150x150.png 150w\" sizes=\"auto, (max-width: 134px) 100vw, 134px\" \/><\/figure>\n<\/div><\/div>\n\n\n\n<div class=\"wp-block-column is-layout-flow wp-block-column-is-layout-flow\"><div class=\"wp-block-image\">\n<figure class=\"aligncenter size-full is-resized\"><img loading=\"lazy\" decoding=\"async\" src=\"https:\/\/dev.hermandaddelosgitanos.com\/wp-content\/uploads\/2023\/09\/Logo_Fundacion_Cajasol.png\" alt=\"\" class=\"wp-image-69\" style=\"width:306px;height:108px\" width=\"306\" height=\"108\" srcset=\"https:\/\/dev.hermandaddelosgitanos.com\/wp-content\/uploads\/2023\/09\/Logo_Fundacion_Cajasol.png 985w, https:\/\/dev.hermandaddelosgitanos.com\/wp-content\/uploads\/2023\/09\/Logo_Fundacion_Cajasol-300x106.png 300w, https:\/\/dev.hermandaddelosgitanos.com\/wp-content\/uploads\/2023\/09\/Logo_Fundacion_Cajasol-768x271.png 768w\" sizes=\"auto, (max-width: 306px) 100vw, 306px\" \/><\/figure>\n<\/div><\/div>\n<\/div>\n\n\n\n<div class=\"wp-block-columns is-layout-flex wp-container-core-columns-is-layout-9d6595d7 wp-block-columns-is-layout-flex\">\n<div class=\"wp-block-column is-layout-flow wp-block-column-is-layout-flow\"><div class=\"wp-block-image\">\n<figure class=\"aligncenter size-full is-resized\"><img loading=\"lazy\" decoding=\"async\" src=\"https:\/\/dev.hermandaddelosgitanos.com\/wp-content\/uploads\/2023\/09\/Logo_Caja_Rural-edited.png\" alt=\"\" class=\"wp-image-150\" style=\"width:201px;height:187px\" width=\"201\" height=\"187\"\/><\/figure>\n<\/div><\/div>\n\n\n\n<div class=\"wp-block-column is-layout-flow wp-block-column-is-layout-flow\"><div class=\"wp-block-image\">\n<figure class=\"aligncenter size-full is-resized\"><img loading=\"lazy\" decoding=\"async\" src=\"https:\/\/dev.hermandaddelosgitanos.com\/wp-content\/uploads\/2023\/09\/Helvetia_logo_422x129.png\" alt=\"\" class=\"wp-image-71\" style=\"width:252px;height:77px\" width=\"252\" height=\"77\" srcset=\"https:\/\/dev.hermandaddelosgitanos.com\/wp-content\/uploads\/2023\/09\/Helvetia_logo_422x129.png 422w, https:\/\/dev.hermandaddelosgitanos.com\/wp-content\/uploads\/2023\/09\/Helvetia_logo_422x129-300x92.png 300w\" sizes=\"auto, (max-width: 252px) 100vw, 252px\" \/><\/figure>\n<\/div><\/div>\n\n\n\n<div class=\"wp-block-column is-layout-flow wp-block-column-is-layout-flow\"><div class=\"wp-block-image\">\n<figure class=\"aligncenter size-full is-resized\"><img loading=\"lazy\" decoding=\"async\" src=\"https:\/\/dev.hermandaddelosgitanos.com\/wp-content\/uploads\/2023\/09\/logo.png\" alt=\"\" class=\"wp-image-72\" style=\"width:231px;height:143px\" width=\"231\" height=\"143\" srcset=\"https:\/\/dev.hermandaddelosgitanos.com\/wp-content\/uploads\/2023\/09\/logo.png 517w, https:\/\/dev.hermandaddelosgitanos.com\/wp-content\/uploads\/2023\/09\/logo-300x186.png 300w\" sizes=\"auto, (max-width: 231px) 100vw, 231px\" \/><\/figure>\n<\/div><\/div>\n<\/div>\n\n\n\n<div style=\"height:100px\" aria-hidden=\"true\" class=\"wp-block-spacer\"><\/div>\n<\/div><\/div>\n<\/div><\/div>\n","protected":false},"excerpt":{"rendered":"","protected":false},"author":1,"featured_media":0,"parent":0,"menu_order":0,"comment_status":"closed","ping_status":"closed","template":"","meta":{"neve_meta_sidebar":"","neve_meta_container":"","neve_meta_enable_content_width":"on","neve_meta_content_width":100,"neve_meta_title_alignment":"","neve_meta_author_avatar":"","neve_post_elements_order":"","neve_meta_disable_header":"","neve_meta_disable_footer":"","neve_meta_disable_title":"on","footnotes":""},"class_list":["post-15","page","type-page","status-publish","hentry"],"_links":{"self":[{"href":"https:\/\/dev.hermandaddelosgitanos.com\/index.php?rest_route=\/wp\/v2\/pages\/15","targetHints":{"allow":["GET"]}}],"collection":[{"href":"https:\/\/dev.hermandaddelosgitanos.com\/index.php?rest_route=\/wp\/v2\/pages"}],"about":[{"href":"https:\/\/dev.hermandaddelosgitanos.com\/index.php?rest_route=\/wp\/v2\/types\/page"}],"author":[{"embeddable":true,"href":"https:\/\/dev.hermandaddelosgitanos.com\/index.php?rest_route=\/wp\/v2\/users\/1"}],"replies":[{"embeddable":true,"href":"https:\/\/dev.hermandaddelosgitanos.com\/index.php?rest_route=%2Fwp%2Fv2%2Fcomments&post=15"}],"version-history":[{"count":41,"href":"https:\/\/dev.hermandaddelosgitanos.com\/index.php?rest_route=\/wp\/v2\/pages\/15\/revisions"}],"predecessor-version":[{"id":160,"href":"https:\/\/dev.hermandaddelosgitanos.com\/index.php?rest_route=\/wp\/v2\/pages\/15\/revisions\/160"}],"wp:attachment":[{"href":"https:\/\/dev.hermandaddelosgitanos.com\/index.php?rest_route=%2Fwp%2Fv2%2Fmedia&parent=15"}],"curies":[{"name":"wp","href":"https:\/\/api.w.org\/{rel}","templated":true}]}}